{"id":209,"date":"2016-02-26T13:28:48","date_gmt":"2016-02-26T13:28:48","guid":{"rendered":"https:\/\/ecolealternativevilleray.wordpress.com\/?page_id=209"},"modified":"2025-08-30T21:55:41","modified_gmt":"2025-08-31T01:55:41","slug":"faq","status":"publish","type":"page","link":"https:\/\/ecolelescolibris.com\/accueil\/blog-creation-ecole\/faq","title":{"rendered":"R\u00e9ponses pour les curieux et curieuses"},"content":{"rendered":"<div class=\"fusion-fullwidth fullwidth-box nonhundred-percent-fullwidth non-hundred-percent-height-scrolling\"  style='background-color: rgba(255,255,255,0);background-position: center center;background-repeat: no-repeat;padding-top:0px;padding-right:0px;padding-bottom:0px;padding-left:0px;'><div class=\"fusion-builder-row fusion-row \"><div  class=\"fusion-layout-column fusion_builder_column fusion_builder_column_1_1  fusion-one-full fusion-column-first fusion-column-last 1_1\"  style='margin-top:0px;margin-bottom:0px;'>\n\t\t\t\t\t<div class=\"fusion-column-wrapper\" style=\"padding: 0px 0px 0px 0px;background-position:left top;background-repeat:no-repeat;-webkit-background-size:cover;-moz-background-size:cover;-o-background-size:cover;background-size:cover;\"  data-bg-url=\"\">\n\t\t\t\t\t\t<div class=\"fusion-text\"><p><strong>O\u00f9 \u00eates-vous situ\u00e9 ?<\/strong><br \/>\nNous sommes un des deux volets de l\u2019\u00e9cole Gadbois (8305 rue St-Andr\u00e9, coin Mistral), une \u00e9cole du CSSDM.<\/p>\n<p><strong>Comment en savoir plus sur votre projet \u00e9ducatif ?<\/strong><br \/>\n<a href=\"https:\/\/view.genially.com\/64f9d4f81bf760001281fd62\/presentation-referentiel-colibris\" target=\"_blank\" rel=\"noopener noreferrer\">Ici<\/a><\/p>\n<p><strong>Comment recrutez-vous le personnel enseignant ? le personnel de soutien ? le personnel du service de garde ?<\/strong><br \/>\nVia le processus en vigueur du CSSDM, dans le respect des conventions collectives.<\/p>\n<p><strong>Quel est le processus d\u2019admission?<\/strong><br \/>\nLe processus d\u2019admission commence \u00e0 l\u2019automne. Pour que votre enfant soit admis, vous devez assister \u00e0 la soir\u00e9e d\u2019information au cours du mois de septembre ou octobre pr\u00e9c\u00e9dent la rentr\u00e9e scolaire de l&rsquo;ann\u00e9e suivante. <a href=\"https:\/\/gadbois.cssdm.gouv.qc.ca\/\">La date de la soir\u00e9e d&rsquo;information est annonc\u00e9e sur le site Web de l&rsquo;\u00e9cole<\/a>. Vous remplirez sur place une demande d\u2019admission. Une fois toutes les demandes d\u2019admission re\u00e7ues et trait\u00e9es en fonction des priorit\u00e9s \u00e9tablies dans le texte fondateur (fratrie, quartier Villeray, etc.), un tirage au sort est effectu\u00e9 et une liste d\u2019attente est constitu\u00e9e pour l\u2019ann\u00e9e en cours. Elle n\u2019est pas reconductible pour l\u2019ann\u00e9e suivante. Le processus est \u00e0 refaire \u00e0 chaque ann\u00e9e.<\/p>\n<p><strong>Est-ce qu\u2019on peut visiter l\u2019\u00e9cole ?<\/strong><br \/>\nLa soir\u00e9e d\u2019information se tient \u00e0 l\u2019automne pour l\u2019ann\u00e9e suivante. Une visite des locaux est pr\u00e9vue. Autrement, aucune visite n&rsquo;est pr\u00e9vue.<\/p>\n<p><strong>Dans certaines \u00e9coles alternatives, on fait remplir des questionnaires. Est-ce le cas \u00e0 votre \u00e9cole ?<\/strong><br \/>\nNon. La seule condition requise pour d\u00e9poser une demande d\u2019admission, c\u2019est d\u2019avoir assist\u00e9 \u00e0 la soir\u00e9e d\u2019information et d\u2019avoir bien compris le projet \u00e9ducatif et les modalit\u00e9s de participation obligatoire.<\/p>\n<p><strong>Je suis un excellent candidat comme parent. Je [b\u00e9n\u00e9ficie d\u2019un horaire flexible, j\u2019ai si\u00e9g\u00e9 sur des conseils d\u2019administration, je suis un professionnel, etc.] Si je corresponds \u00e0 un profil, est-ce que j\u2019ai de meilleures chances que mon enfant soit admis ?<\/strong><br \/>\nEn vertu de la politique d&rsquo;admission du CSSDM, nous ne pouvons pas s\u00e9lectionner les familles. Le seul crit\u00e8re d\u2019admission \u00e0 respecter est d\u2019avoir assist\u00e9 \u00e0 la soir\u00e9e d\u2019information et d\u2019avoir compris les modalit\u00e9s de participation des parents.<\/p>\n<p><strong>Mon enfant a 2 ans, mais j\u2019aime votre projet. Est-ce qu\u2019il y a une liste d\u2019attente?<\/strong><br \/>\nNon, il n\u2019y a pas de liste d\u2019attente d&rsquo;ann\u00e9e en ann\u00e9e. Voir le processus d\u2019admission.<\/p>\n<p><strong>Si mon enfant commence l&rsquo;\u00e9cole dans une ann\u00e9e future, mais que je commence \u00e0 m\u2019engager maintenant dans le projet, est-ce que j\u2019ai de meilleures chances d\u2019\u00eatre admis?<\/strong><br \/>\nNon. Vous ferez partie du tirage au sort comme les autres familles qui participeront au processus d\u2019admission (voir le processus d\u2019admission).<\/p>\n<p><strong>Est-ce qu\u2019il y a un service de garde ?<\/strong><br \/>\nOui, il est ouvert de 7 h \u00e0 18 h.<\/p>\n<p><strong>Est-ce qu\u2019il y a du transport scolaire ?<\/strong><br \/>\nNon. Les \u00e9l\u00e8ves du volet alternatif n&rsquo;ont pas droit au transport scolaire.<\/p>\n<p><strong>Combien cela co\u00fbte-t-il ?<\/strong><br \/>\nNous sommes une \u00e9cole publique du CSSDM. L\u2019instruction est donc gratuite.<\/p>\n<p><strong>Est-ce que la fratrie a priorit\u00e9 ?<\/strong><br \/>\nOui. Les fr\u00e8res et soeurs des \u00e9l\u00e8ves de l\u2019\u00e9cole (ou de ceux qui ont fini leur parcours primaire \u00e0 l\u2019\u00e9cole) ont la priorit\u00e9.<\/p>\n<p><strong>Est-ce que les r\u00e9sidents de Villeray ont priorit\u00e9 ?<\/strong><br \/>\nOui. Le territoire de Villeray du CSSDM n\u2019est pas d\u00e9coup\u00e9 comme celui de la Ville de Montr\u00e9al. Vous \u00eates r\u00e9put\u00e9 sur le territoire de Villeray si votre \u00e9cole de quartier figure parmi les suivantes: H\u00e9l\u00e8ne-Boull\u00e9, Sainte-C\u00e9cile, Saint-G\u00e9rard, Saint-Gabriel-Lalemant, Marie-Favery, Saint-Barth\u00e9l\u00e9my, Saint-Gr\u00e9goire-le-Grand.<\/p>\n<p><strong>Si je ne r\u00e9side pas sur le territoire du CSSDM, est-ce que je suis admissible ?<\/strong><br \/>\nNormalement non. Il existe une disposition appel\u00e9e \u00ab\u00a0entente extraterritoriale\u00a0\u00bb, mais comme toutes nos places sont habituellement combl\u00e9es par les \u00e9l\u00e8ves du CSSDM, nous n&rsquo;avons encore admis aucun \u00e9l\u00e8ve en vertu d&rsquo;une telle entente.<\/p>\n<p><strong>Comme la priorit\u00e9 d\u2019admission va aux r\u00e9sidents de Villeray, nos enfants perdront-ils leur place si nous d\u00e9m\u00e9nageons \u00e0 l\u2019ext\u00e9rieur du quartier dans quelques ann\u00e9es?<\/strong><br \/>\nNon, vos enfants pourront rester \u00e0 l\u2019\u00e9cole. L&rsquo;\u00e9l\u00e8ve garde sa place d&rsquo;ann\u00e9e en ann\u00e9e.<\/p>\n<p><strong>Est-ce qu\u2019il y a une maternelle 4 ans ?<\/strong><br \/>\nNon, les maternelles 4 ans sont dans certaines \u00e9coles de quartier seulement.<\/p>\n<p><strong>Oui, mais si toute la fratrie est prioritaire, cela veut dire qu\u2019il ne restera que peu de places l\u2019an prochain, m\u00eame en maternelle?<\/strong><br \/>\nPossiblement, mais c\u2019est difficile \u00e0 pr\u00e9voir. Les autres \u00e9coles alternatives (sauf le Vitrail) n\u2019ont pas de restrictions territoriales: votre famille est donc admissible dans ces autres \u00e9coles (Rose-des-Vents, Atelier, \u00c9lan, etc.).\u00a0 Il faut aussi prendre en consid\u00e9ration qu\u2019il y a plus de places par classe \u00e0 mesure que l\u2019on monte de niveaux : il y a donc des places libres \u00e0 tous les niveaux tous les ans.<\/p>\n<\/div><div class=\"fusion-clearfix\"><\/div>\n\n\t\t\t\t\t<\/div>\n\t\t\t\t<\/div><\/div><\/div>\n","protected":false},"excerpt":{"rendered":"","protected":false},"author":3,"featured_media":0,"parent":304,"menu_order":0,"comment_status":"closed","ping_status":"closed","template":"","meta":{"footnotes":""},"class_list":["post-209","page","type-page","status-publish","hentry"],"_links":{"self":[{"href":"https:\/\/ecolelescolibris.com\/accueil\/wp-json\/wp\/v2\/pages\/209","targetHints":{"allow":["GET"]}}],"collection":[{"href":"https:\/\/ecolelescolibris.com\/accueil\/wp-json\/wp\/v2\/pages"}],"about":[{"href":"https:\/\/ecolelescolibris.com\/accueil\/wp-json\/wp\/v2\/types\/page"}],"author":[{"embeddable":true,"href":"https:\/\/ecolelescolibris.com\/accueil\/wp-json\/wp\/v2\/users\/3"}],"replies":[{"embeddable":true,"href":"https:\/\/ecolelescolibris.com\/accueil\/wp-json\/wp\/v2\/comments?post=209"}],"version-history":[{"count":8,"href":"https:\/\/ecolelescolibris.com\/accueil\/wp-json\/wp\/v2\/pages\/209\/revisions"}],"predecessor-version":[{"id":4047,"href":"https:\/\/ecolelescolibris.com\/accueil\/wp-json\/wp\/v2\/pages\/209\/revisions\/4047"}],"up":[{"embeddable":true,"href":"https:\/\/ecolelescolibris.com\/accueil\/wp-json\/wp\/v2\/pages\/304"}],"wp:attachment":[{"href":"https:\/\/ecolelescolibris.com\/accueil\/wp-json\/wp\/v2\/media?parent=209"}],"curies":[{"name":"wp","href":"https:\/\/api.w.org\/{rel}","templated":true}]}}