{"id":7,"date":"2015-12-02T10:48:37","date_gmt":"2015-12-02T10:48:37","guid":{"rendered":"http:\/\/theme-fusion.com\/avada\/university\/?page_id=7"},"modified":"2025-09-29T20:56:17","modified_gmt":"2025-09-30T00:56:17","slug":"home","status":"publish","type":"page","link":"https:\/\/ecolelescolibris.com\/accueil\/","title":{"rendered":"Accueil"},"content":{"rendered":"<div class=\"fusion-fullwidth fullwidth-box nonhundred-percent-fullwidth non-hundred-percent-height-scrolling\"  style='background-color: #ffffff;background-position: left top;background-repeat: no-repeat;padding-top:0px;padding-right:0px;padding-bottom:3.5%;padding-left:0px;margin-top: 0px;border-top-width:0px;border-bottom-width:0px;border-color:#e7e4e2;border-top-style:solid;border-bottom-style:solid;'><div class=\"fusion-builder-row fusion-row \"><div  class=\"fusion-layout-column fusion_builder_column fusion_builder_column_1_1  fusion-one-full fusion-column-first fusion-column-last 1_1\"  style='margin-top:20px;margin-bottom:20px;'>\n\t\t\t\t\t<div class=\"fusion-column-wrapper\" style=\"padding: 0px 0px 0px 0px;background-position:left top;background-repeat:no-repeat;-webkit-background-size:cover;-moz-background-size:cover;-o-background-size:cover;background-size:cover;\"  data-bg-url=\"\">\n\t\t\t\t\t\t<div class=\"fusion-column-content-centered\"><div class=\"fusion-column-content\"><div class=\"fusion-text\"><h3 style=\"text-align: center;\"><em><strong>Voici le site priv\u00e9 des familles du volet alternative \u201cLes Colibris\u201d de l\u2019\u00e9cole Gadbois.<\/strong><\/em><\/h3>\n<\/div><div class=\"fusion-text\"><p style=\"text-align: center;\">Au \u00a0d\u00e9but de l\u2019ann\u00e9e scolaire, le comit\u00e9 communication envoie aux nouveaux parents les instructions sur l\u2019acc\u00e8s.<br \/>\nSi vous \u00eates parent d\u2019un \u00e9l\u00e8ve du volet alternatif et vous n\u2019avez pas encore l\u2019acc\u00e8s, \u00e9crire svp un courriel au <a href=\"mailto:comite.communication@ecolelescolibris.com\"><strong>comit\u00e9 communication.<\/strong><\/a><\/p>\n<\/div><div class=\"fusion-text\"><p style=\"text-align: center;\">Pour le site officiel de l\u2019\u00e9cole Gadbois et les communications de la direction de l&rsquo;\u00e9cole, veuillez consulter <strong><a href=\"https:\/\/gadbois.cssdm.gouv.qc.ca\">https:\/\/gadbois.cssdm.gouv.qc.ca<br \/>\n<\/a><\/strong>Le site officiel de l&rsquo;\u00e9cole Gadbois est reguli\u00e8rement mis \u00e0 jour avec des informations adress\u00e9s aux parents du volet alternatif.<\/p>\n<\/div><div class=\"fusion-sep-clear\"><\/div><div class=\"fusion-separator fusion-full-width-sep sep-single\" style=\"border-color:#e8e8e8;border-top-width:1px;margin-left: auto;margin-right: auto;margin-top:;\"><\/div><\/div><\/div><div class=\"fusion-clearfix\"><\/div>\n\n\t\t\t\t\t<\/div>\n\t\t\t\t<\/div><\/div><\/div>\n","protected":false},"excerpt":{"rendered":"","protected":false},"author":3,"featured_media":0,"parent":0,"menu_order":0,"comment_status":"closed","ping_status":"closed","template":"100-width.php","meta":{"footnotes":""},"class_list":["post-7","page","type-page","status-publish","hentry"],"_links":{"self":[{"href":"https:\/\/ecolelescolibris.com\/accueil\/wp-json\/wp\/v2\/pages\/7","targetHints":{"allow":["GET"]}}],"collection":[{"href":"https:\/\/ecolelescolibris.com\/accueil\/wp-json\/wp\/v2\/pages"}],"about":[{"href":"https:\/\/ecolelescolibris.com\/accueil\/wp-json\/wp\/v2\/types\/page"}],"author":[{"embeddable":true,"href":"https:\/\/ecolelescolibris.com\/accueil\/wp-json\/wp\/v2\/users\/3"}],"replies":[{"embeddable":true,"href":"https:\/\/ecolelescolibris.com\/accueil\/wp-json\/wp\/v2\/comments?post=7"}],"version-history":[{"count":44,"href":"https:\/\/ecolelescolibris.com\/accueil\/wp-json\/wp\/v2\/pages\/7\/revisions"}],"predecessor-version":[{"id":4101,"href":"https:\/\/ecolelescolibris.com\/accueil\/wp-json\/wp\/v2\/pages\/7\/revisions\/4101"}],"wp:attachment":[{"href":"https:\/\/ecolelescolibris.com\/accueil\/wp-json\/wp\/v2\/media?parent=7"}],"curies":[{"name":"wp","href":"https:\/\/api.w.org\/{rel}","templated":true}]}}